{"id":2516,"date":"2023-06-22T06:02:39","date_gmt":"2023-06-22T04:02:39","guid":{"rendered":"https:\/\/setelci.com\/setelcigroupe\/?page_id=2516"},"modified":"2025-11-14T10:41:38","modified_gmt":"2025-11-14T09:41:38","slug":"discours-du-pdg","status":"publish","type":"page","link":"https:\/\/setelci.com\/setelcigroupe\/discours-du-pdg\/","title":{"rendered":""},"content":{"rendered":"<section class=\"wpb-content-wrapper\"><p>[vc_row css_animation=&#8221;slideInLeft&#8221;][vc_column width=&#8221;1\/2&#8243;][vc_single_image image=&#8221;3902&#8243; img_size=&#8221;500&#215;500&#8243; css_animation=&#8221;slideInLeft&#8221;][\/vc_column][vc_column width=&#8221;1\/2&#8243;][vc_column_text]<\/p>\n<p style=\"color: black;\">La globalisation et l\u2019avanc\u00e9e \u00e0 fonction exponentielle des technologies de l\u2019information imposent aux entreprises du secteur priv\u00e9, la mise en place des strat\u00e9gies de management afin de faire face \u00e0 une concurrence tr\u00e8s agressive et assurer une certaine comp\u00e9titivit\u00e9 pour leur survie. Pour ce faire, elles doivent disposer des outils de gestion de qualit\u00e9, tout en cr\u00e9ant une alternance \u00e9volutive entre la comp\u00e9titivit\u00e9 et la rentabilit\u00e9, fonction d\u2019un d\u00e9veloppement certain. Face aux grandes mutations actuelles, toute entreprise se doit de faire preuve d\u2019agilit\u00e9 et de flexibilit\u00e9 dans son organisation et dans ses syst\u00e8mes de production. Elle doit pouvoir capitaliser ses atouts, valoriser ses comp\u00e9tences individuelles et collectives pour une r\u00e9ussite durable. C\u2019est ce qui a motiv\u00e9 la cr\u00e9ation de cet outil de production de richesses que je nomme <strong>SETELCI.\u00a0<\/strong>Ainsi, face aux besoins actuels du march\u00e9 national et r\u00e9gional, la\u00a0<strong><em>Soci\u00e9t\u00e9 d\u2019Electricit\u00e9 et des T\u00e9l\u00e9coms de C\u00f4te d\u2019Ivoire<\/em><\/strong>\u00a0en abr\u00e9g\u00e9\u00a0<strong>SETELCI<\/strong>\u00a0se pr\u00e9sente comme \u00e9tant\u00a0une solution appropri\u00e9e\u00a0aux d\u00e9fis que rencontrent les Op\u00e9rateurs, \u00c9quipementiers, Entreprises priv\u00e9es et Etats dans les diff\u00e9rents secteurs des T\u00e9l\u00e9coms, de l\u2019Electricit\u00e9 et du G\u00e9nie civil.<\/p>\n<p style=\"color: black;\">Afin de s\u2019inscrire sur le long terme, dynamiser sa capacit\u00e9 technique et\u00a0 se d\u00e9velopper, l\u2019\u00e9quipe Dirigeante a instaur\u00e9 dans sa politique manag\u00e9riale<\/p>\n<p>[\/vc_column_text][\/vc_column][\/vc_row][vc_row][vc_column][vc_empty_space]\t\t<div  class=\"kyber_custom_heading_wrapper kyber-custom-heading-1830287811 kyber-shortcode-wrapper custom-heading-style-1 subtitle-text- title-text- heading-alignment-center\">\r\n\t\t\t<div class=\"kyber-custom-heading-wrapper\">\r\n\t\t\t<div class=\"kyber-heading-subtitle-wrapper\">\r\n\t\t\t<h3 class=\"heading-subtitle\">\r\n\t\t\t\tSETELCI\t\t\t<\/h3>\r\n\t\t<\/div>\r\n\t\t\t\t<div class=\"kyber-heading-title-wrapper\">\r\n\t\t\t<h3 class=\"heading-title\">\r\n\t\t\t\tNOS AVANTAGES\t\t\t<\/h3>\r\n\t\t<\/div>\r\n\t\t<\/div>\t\t<\/div>\r\n\t\t[vc_empty_space height=&#8221;50&#8243;][\/vc_column][\/vc_row][vc_row][vc_column width=&#8221;1\/3&#8243;][vc_single_image image=&#8221;2687&#8243; img_size=&#8221;full&#8221;][\/vc_column][vc_column width=&#8221;1\/3&#8243;][vc_column_text]<\/p>\n<h4><strong>PERSONNEL<\/strong><\/h4>\n<p style=\"color: black;\">Nos domaines d&#8217;activit\u00e9s\u00a0sont planifi\u00e9s et con\u00e7us par une \u00e9quipe d&#8217;ing\u00e9nieurs experts et de chefs de projet ayant des comp\u00e9tences \u00e9tablies et une capacit\u00e9 \u00e0 g\u00e9rer le projet jusqu\u2019\u00e0 l&#8217;ach\u00e8vement. Notre \u00e9quipe dispose d\u2019une connaissance approfondie de la d\u00e9mographie locale et du terrain.<\/p>\n<p>[\/vc_column_text][vc_column_text]<\/p>\n<h4><strong>LOGISTIQUE\u00a0<\/strong><\/h4>\n<p style=\"color: black;\">SETELCI a \u00e9tabli des contacts avec les plus grands \u00e9quipementiers, ainsi que de bonnes relations avec les autorit\u00e9s de liaison pour assurer la logistique du mat\u00e9riel en temps opportun pour les projets sur\u00a0 l&#8217;\u00e9tendue du territoire national compte tenu de son parc auto compos\u00e9e de pick-up, camions de transport et de grue, ainsi que \u00e0 travers la sous-r\u00e9gion par l&#8217;interm\u00e9diaire de ces diff\u00e9rentes succursales.<\/p>\n<p>[\/vc_column_text][\/vc_column][vc_column width=&#8221;1\/3&#8243;][vc_column_text]<\/p>\n<h4><strong>LA QUALITE<\/strong><\/h4>\n<p style=\"color: black;\">Nous garantissons des solutions de qualit\u00e9 en appliquant un processus de contr\u00f4le de qualit\u00e9 exhaustif, \u00e0 plusieurs niveaux, tout au long du cycle de vie du projet. Pour chaque projet, nous d\u00e9veloppons des param\u00e8tres sous de qualit\u00e9 sur\u00a0 l&#8217;entendue du territoire national, ainsi qu&#8217;\u00e0 travers la sous-r\u00e9gion.<\/p>\n<p>[\/vc_column_text][vc_column_text]<\/p>\n<h4><strong>LE\u00a0FINANCEMENT\u00a0<\/strong><\/h4>\n<p style=\"color: black;\">SETELCI peut vous fournir une assistance au regard du financement des projets, \u00e0 l\u2019aide des relations d\u2019affaires existantes avec des institutions financi\u00e8res de premier rang sur\u00a0 l&#8217;\u00e9tendue du territoire national, ainsi qu&#8217;\u00e0 travers la sous-r\u00e9gion par l&#8217;interm\u00e9diaire de ces diff\u00e9rentes filiales.<\/p>\n<p>[\/vc_column_text][\/vc_column][\/vc_row]<\/p>\n<\/section>","protected":false},"excerpt":{"rendered":"<p>[vc_row css_animation=&#8221;slideInLeft&#8221;][vc_column width=&#8221;1\/2&#8243;][vc_single_image image=&#8221;3902&#8243; img_size=&#8221;500&#215;500&#8243; css_animation=&#8221;slideInLeft&#8221;][\/vc_column][vc_column width=&#8221;1\/2&#8243;][vc_column_text] La globalisation et l\u2019avanc\u00e9e \u00e0 fonction exponentielle des technologies de l\u2019information imposent aux entreprises du secteur priv\u00e9, la mise en place des strat\u00e9gies de management afin de faire face \u00e0 une concurrence tr\u00e8s agressive et assurer une certaine comp\u00e9titivit\u00e9 pour leur survie. Pour ce faire, elles doivent disposer des outils de gestion de qualit\u00e9, tout en cr\u00e9ant une alternance \u00e9volutive entre la comp\u00e9titivit\u00e9 et la rentabilit\u00e9, fonction d\u2019un d\u00e9veloppement certain. Face aux grandes mutations actuelles, toute entreprise se doit de faire preuve d\u2019agilit\u00e9 et de flexibilit\u00e9 dans son organisation et dans ses syst\u00e8mes de production. Elle doit pouvoir capitaliser ses atouts, valoriser ses comp\u00e9tences individuelles et collectives pour une r\u00e9ussite durable. C\u2019est ce qui a motiv\u00e9 la cr\u00e9ation de cet outil de production de richesses que je nomme SETELCI.\u00a0Ainsi, face aux besoins actuels du march\u00e9 national et r\u00e9gional, la\u00a0Soci\u00e9t\u00e9 d\u2019Electricit\u00e9 et des T\u00e9l\u00e9coms de C\u00f4te d\u2019Ivoire\u00a0en abr\u00e9g\u00e9\u00a0SETELCI\u00a0se pr\u00e9sente comme \u00e9tant\u00a0une solution appropri\u00e9e\u00a0aux d\u00e9fis que rencontrent les Op\u00e9rateurs, \u00c9quipementiers, Entreprises priv\u00e9es et Etats dans les diff\u00e9rents secteurs des T\u00e9l\u00e9coms, de l\u2019Electricit\u00e9 et du G\u00e9nie civil. Afin de s\u2019inscrire sur le long terme, dynamiser sa capacit\u00e9 technique et\u00a0 se d\u00e9velopper, l\u2019\u00e9quipe Dirigeante a instaur\u00e9 dans sa politique manag\u00e9riale [\/vc_column_text][\/vc_column][\/vc_row][vc_row][vc_column][vc_empty_space][vc_empty_space height=&#8221;50&#8243;][\/vc_column][\/vc_row][vc_row][vc_column width=&#8221;1\/3&#8243;][vc_single_image image=&#8221;2687&#8243; img_size=&#8221;full&#8221;][\/vc_column][vc_column width=&#8221;1\/3&#8243;][vc_column_text] PERSONNEL Nos domaines d&#8217;activit\u00e9s\u00a0sont planifi\u00e9s et con\u00e7us par une \u00e9quipe d&#8217;ing\u00e9nieurs experts et de chefs de projet ayant des comp\u00e9tences \u00e9tablies et une capacit\u00e9 \u00e0 g\u00e9rer le projet jusqu\u2019\u00e0 l&#8217;ach\u00e8vement. Notre \u00e9quipe dispose d\u2019une connaissance approfondie de la d\u00e9mographie locale et du terrain. [\/vc_column_text][vc_column_text] LOGISTIQUE\u00a0 SETELCI a \u00e9tabli des contacts avec les plus grands \u00e9quipementiers, ainsi que de bonnes relations avec les autorit\u00e9s de liaison pour assurer la logistique du mat\u00e9riel en temps opportun pour les projets sur\u00a0 l&#8217;\u00e9tendue du territoire national compte tenu de son parc auto compos\u00e9e de pick-up, camions de transport et de grue, ainsi que \u00e0 travers la sous-r\u00e9gion par l&#8217;interm\u00e9diaire de ces diff\u00e9rentes succursales. [\/vc_column_text][\/vc_column][vc_column width=&#8221;1\/3&#8243;][vc_column_text] LA QUALITE Nous garantissons des solutions de qualit\u00e9 en appliquant un processus de contr\u00f4le de qualit\u00e9 exhaustif, \u00e0 plusieurs niveaux, tout au long du cycle de vie du projet. Pour chaque projet, nous d\u00e9veloppons des param\u00e8tres sous de qualit\u00e9 sur\u00a0 l&#8217;entendue du territoire national, ainsi qu&#8217;\u00e0 travers la sous-r\u00e9gion. [\/vc_column_text][vc_column_text] LE\u00a0FINANCEMENT\u00a0 SETELCI peut vous fournir une assistance au regard du financement des projets, \u00e0 l\u2019aide des relations d\u2019affaires existantes avec des institutions financi\u00e8res de premier rang sur\u00a0 l&#8217;\u00e9tendue du territoire national, ainsi qu&#8217;\u00e0 travers la sous-r\u00e9gion par l&#8217;interm\u00e9diaire de ces diff\u00e9rentes filiales. [\/vc_column_text][\/vc_column][\/vc_row]<\/p>\n","protected":false},"author":1,"featured_media":0,"parent":0,"menu_order":0,"comment_status":"closed","ping_status":"closed","template":"","meta":{"footnotes":""},"class_list":["post-2516","page","type-page","status-publish","hentry","without-image"],"_links":{"self":[{"href":"https:\/\/setelci.com\/setelcigroupe\/wp-json\/wp\/v2\/pages\/2516","targetHints":{"allow":["GET"]}}],"collection":[{"href":"https:\/\/setelci.com\/setelcigroupe\/wp-json\/wp\/v2\/pages"}],"about":[{"href":"https:\/\/setelci.com\/setelcigroupe\/wp-json\/wp\/v2\/types\/page"}],"author":[{"embeddable":true,"href":"https:\/\/setelci.com\/setelcigroupe\/wp-json\/wp\/v2\/users\/1"}],"replies":[{"embeddable":true,"href":"https:\/\/setelci.com\/setelcigroupe\/wp-json\/wp\/v2\/comments?post=2516"}],"version-history":[{"count":30,"href":"https:\/\/setelci.com\/setelcigroupe\/wp-json\/wp\/v2\/pages\/2516\/revisions"}],"predecessor-version":[{"id":5001,"href":"https:\/\/setelci.com\/setelcigroupe\/wp-json\/wp\/v2\/pages\/2516\/revisions\/5001"}],"wp:attachment":[{"href":"https:\/\/setelci.com\/setelcigroupe\/wp-json\/wp\/v2\/media?parent=2516"}],"curies":[{"name":"wp","href":"https:\/\/api.w.org\/{rel}","templated":true}]}}