{"id":2588,"date":"2023-06-22T11:53:16","date_gmt":"2023-06-22T09:53:16","guid":{"rendered":"https:\/\/setelci.com\/setelcigroupe\/?page_id=2588"},"modified":"2023-11-08T12:18:51","modified_gmt":"2023-11-08T11:18:51","slug":"succursale-togo","status":"publish","type":"page","link":"https:\/\/setelci.com\/setelcigroupe\/succursale-togo\/","title":{"rendered":""},"content":{"rendered":"<section class=\"wpb-content-wrapper\"><p>[vc_row full_width=&#8221;stretch_row_content&#8221;][vc_column width=&#8221;1\/2&#8243;][vc_single_image image=&#8221;2672&#8243; img_size=&#8221;full&#8221;][\/vc_column][vc_column width=&#8221;1\/2&#8243;][vc_column_text]<\/p>\n<h1>Filiale du Togo<\/h1>\n<p>Sp\u00e9cialiste des infrastructures de t\u00e9l\u00e9communications, la Soci\u00e9t\u00e9 d\u2019Electricit\u00e9 et des T\u00e9l\u00e9coms de C\u00f4te d\u2019Ivoire en abr\u00e9g\u00e9 SETELCI assure l\u2019ing\u00e9nierie, la construction, l\u2019optimisation, la vente de mat\u00e9riels T\u00e9l\u00e9coms et la maintenance des r\u00e9seaux de t\u00e9l\u00e9phonies cellulaires (GSM, DCS, et UMTS), de transmission par faisceaux hertziens et fibre optique ainsi que de r\u00e9seau de t\u00e9l\u00e9diffusion broadcast num\u00e9rique et analogique. Elle intervient \u00e9galement au niveau de l\u2019\u00e9tude et la r\u00e9alisation de projets \u00e9lectriques ainsi que des travaux de G\u00e9nie Civil<\/p>\n<p><b>Localisation: LOME<\/b> (Quartier AVENOU) Rue Blvd du 30 Aout<br \/>\n<strong>Adresse:<\/strong>01 BP 125 Lom\u00e9<br \/>\n<strong>T\u00e9l\u00e9phone:<\/strong> +238 22 50 16 86[\/vc_column_text][\/vc_column][\/vc_row][vc_row][vc_column][vc_empty_space][\/vc_column][\/vc_row][vc_row full_width=&#8221;stretch_row_content&#8221;][vc_column width=&#8221;1\/2&#8243;][vc_column_text]<\/p>\n<h1>PRESENTATION<\/h1>\n<p>[\/vc_column_text][\/vc_column][vc_column width=&#8221;1\/2&#8243;][vc_column_text]Sp\u00e9cialiste en infrastructures de t\u00e9l\u00e9communications, la Soci\u00e9t\u00e9 d\u2019Electricit\u00e9 et des T\u00e9l\u00e9coms de C\u00f4te d\u2019 Ivoire en abr\u00e9g\u00e9 SETELCI assure l\u2019ing\u00e9nierie, la construction, l\u2019optimisation, la vente de mat\u00e9riels T\u00e9l\u00e9coms et la maintenance des r\u00e9seaux de t\u00e9l\u00e9phonies cellulaires GSM, DCS, et UMTS), de transmission par faisceaux hertziens et fibre optique ainsi que de r\u00e9seau de de t\u00e9l\u00e9diffusion Broadcast num\u00e9rique et analogique..[\/vc_column_text][\/vc_column][\/vc_row][vc_row][vc_column][vc_empty_space][vc_row_inner][vc_column_inner width=&#8221;1\/3&#8243;]\t\t<div  class=\"kyber_infobox_wrapper kyber-infobox-1218655390 kyber-shortcode-wrapper icon-type-font infobox-style-1  vc_custom_1690365876030\">\r\n\t\t\t<div class=\"kyber-infobox-wrapper\">\r\n\t\t\t\t\t\t<div class=\"kyber-infobox-icon\"><i class=\"fas fa-rss\"><\/i><\/div>\r\n\t\t\t\t\t\t<div class=\"kyber-infobox-content\">\r\n\t\t\t\t\t<h3 class=\"kyber-infobox-title\">TELECOMS<\/h3>\r\n\t\t\t\t\t\t<div class=\"kyber-infobox-text\">SETELCI  r\u00e9alise le montage de pyl\u00f4nes, la mise \u00e0 la terre (\u00e9lectrique, m\u00e9canique, foudre), installation de shelters, construction de locaux techniques, am\u00e9nagement int\u00e9rieur et la maintenance.<\/div>\r\n\t\t\t\t<\/div>\r\n<\/div>\t\t<\/div>\r\n\t\t[\/vc_column_inner][vc_column_inner width=&#8221;1\/3&#8243;]\t\t<div  class=\"kyber_infobox_wrapper kyber-infobox-1599192080 kyber-shortcode-wrapper icon-type-font infobox-style-1  vc_custom_1690365890578\">\r\n\t\t\t<div class=\"kyber-infobox-wrapper\">\r\n\t\t\t\t\t\t<div class=\"kyber-infobox-icon\"><i class=\"fas fa-map-marked\"><\/i><\/div>\r\n\t\t\t\t\t\t<div class=\"kyber-infobox-content\">\r\n\t\t\t\t\t<h3 class=\"kyber-infobox-title\">CARTOGRAPHIE<\/h3>\r\n\t\t\t\t\t\t<div class=\"kyber-infobox-text\">Nos \u00e9quipes qualifi\u00e9es ont la maitrise de leurs m\u00e9tiers et ont la capacit\u00e9 d&#039;intervenir sur l&#039;ensemble du continent africain et ailleurs ou besoin se fait sentir.<\/div>\r\n\t\t\t\t<\/div>\r\n<\/div>\t\t<\/div>\r\n\t\t[\/vc_column_inner][vc_column_inner width=&#8221;1\/3&#8243;]\t\t<div  class=\"kyber_infobox_wrapper kyber-infobox-939188626 kyber-shortcode-wrapper icon-type-font infobox-style-1  vc_custom_1690365903218\">\r\n\t\t\t<div class=\"kyber-infobox-wrapper\">\r\n\t\t\t\t\t\t<div class=\"kyber-infobox-icon\"><i class=\"fas fa-building\"><\/i><\/div>\r\n\t\t\t\t\t\t<div class=\"kyber-infobox-content\">\r\n\t\t\t\t\t<h3 class=\"kyber-infobox-title\">GENIE CIVIL<\/h3>\r\n\t\t\t\t\t\t<div class=\"kyber-infobox-text\">Notre activit\u00e9 dans la fibre optique part de la visite technique (Survey) jusqu\u2019au raccordement de la fibre( Survey, Sondages afin et production l\u2019APD, G\u00e9nie civil, Aiguillage soudure test.<\/div>\r\n\t\t\t\t<\/div>\r\n<\/div>\t\t<\/div>\r\n\t\t[\/vc_column_inner][\/vc_row_inner][\/vc_column][\/vc_row][vc_row full_width=&#8221;stretch_row_content&#8221;][vc_column width=&#8221;1\/3&#8243;][vc_single_image image=&#8221;4714&#8243; img_size=&#8221;full&#8221;][vc_single_image image=&#8221;4736&#8243; img_size=&#8221;full&#8221;][\/vc_column][vc_column width=&#8221;1\/3&#8243;][vc_single_image image=&#8221;4712&#8243; img_size=&#8221;full&#8221;][vc_single_image image=&#8221;4732&#8243; img_size=&#8221;full&#8221;][\/vc_column][vc_column width=&#8221;1\/3&#8243;][vc_single_image image=&#8221;4710&#8243; img_size=&#8221;full&#8221;][vc_single_image image=&#8221;4735&#8243; img_size=&#8221;full&#8221;][\/vc_column][\/vc_row][vc_row full_width=&#8221;stretch_row_content&#8221;][vc_column][vc_empty_space][vc_row_inner][vc_column_inner width=&#8221;1\/2&#8243;][vc_column_text]<\/p>\n<h1><strong>VOTRE EXPERTISE<\/strong><\/h1>\n<p>[\/vc_column_text][\/vc_column_inner][vc_column_inner width=&#8221;1\/2&#8243;][vc_column_text]Dans un souci de performance et de qualit\u00e9, SETELCI s\u2019est dot\u00e9 de moyens logistiques et technologiques appropri\u00e9s pour mener \u00e0 bien ses activit\u00e9s au nombre desquels se trouvent : des v\u00e9hicules, une b\u00e9tonni\u00e8re, une souffleuse Sumitomo71 S, une soudeuse et groupe hydraulique, un compresseur d\u2019une puissance de 16 bars, un R\u00e9flectom\u00e8tre EXFO FTB-1 etc.[\/vc_column_text][\/vc_column_inner][\/vc_row_inner][vc_empty_space][vc_single_image image=&#8221;3001&#8243; img_size=&#8221;full&#8221;][\/vc_column][\/vc_row][vc_row full_width=&#8221;stretch_row_content&#8221;][vc_column width=&#8221;1\/2&#8243;][vc_column_text]<\/p>\n<h1>PROJETS<\/h1>\n<p>[\/vc_column_text][\/vc_column][vc_column width=&#8221;1\/2&#8243;][vc_column_text]Elle intervient \u00e9galement au niveau de l\u2019\u00e9tude et la r\u00e9alisation de projets \u00e9lectriques ainsi que des travaux de G\u00e9nie Civil. SETELCI, Soci\u00e9t\u00e9 de droit ivoirien, au capital Franco- Ivoirien, b\u00e9n\u00e9ficie de l\u2019appui technique de ses diff\u00e9rents partenaires europ\u00e9ens et \u00e9trangers. Son plateau technique est assur\u00e9 par des Managers, ing\u00e9nieurs et techniciens sup\u00e9rieurs jouissant d\u2019une exp\u00e9rience de plus de 10 ans dans les m\u00e9tiers des t\u00e9l\u00e9coms..[\/vc_column_text][\/vc_column][\/vc_row]<\/p>\n<\/section>","protected":false},"excerpt":{"rendered":"<p>[vc_row full_width=&#8221;stretch_row_content&#8221;][vc_column width=&#8221;1\/2&#8243;][vc_single_image image=&#8221;2672&#8243; img_size=&#8221;full&#8221;][\/vc_column][vc_column width=&#8221;1\/2&#8243;][vc_column_text] Filiale du Togo Sp\u00e9cialiste des infrastructures de t\u00e9l\u00e9communications, la Soci\u00e9t\u00e9 d\u2019Electricit\u00e9 et des T\u00e9l\u00e9coms de C\u00f4te d\u2019Ivoire en abr\u00e9g\u00e9 SETELCI assure l\u2019ing\u00e9nierie, la construction, l\u2019optimisation, la vente de mat\u00e9riels T\u00e9l\u00e9coms et la maintenance des r\u00e9seaux de t\u00e9l\u00e9phonies cellulaires (GSM, DCS, et UMTS), de transmission par faisceaux hertziens et fibre optique ainsi que de r\u00e9seau de t\u00e9l\u00e9diffusion broadcast num\u00e9rique et analogique. Elle intervient \u00e9galement au niveau de l\u2019\u00e9tude et la r\u00e9alisation de projets \u00e9lectriques ainsi que des travaux de G\u00e9nie Civil Localisation: LOME (Quartier AVENOU) Rue Blvd du 30 Aout Adresse:01 BP 125 Lom\u00e9 T\u00e9l\u00e9phone: +238 22 50 16 86[\/vc_column_text][\/vc_column][\/vc_row][vc_row][vc_column][vc_empty_space][\/vc_column][\/vc_row][vc_row full_width=&#8221;stretch_row_content&#8221;][vc_column width=&#8221;1\/2&#8243;][vc_column_text] PRESENTATION [\/vc_column_text][\/vc_column][vc_column width=&#8221;1\/2&#8243;][vc_column_text]Sp\u00e9cialiste en infrastructures de t\u00e9l\u00e9communications, la Soci\u00e9t\u00e9 d\u2019Electricit\u00e9 et des T\u00e9l\u00e9coms de C\u00f4te d\u2019 Ivoire en abr\u00e9g\u00e9 SETELCI assure l\u2019ing\u00e9nierie, la construction, l\u2019optimisation, la vente de mat\u00e9riels T\u00e9l\u00e9coms et la maintenance des r\u00e9seaux de t\u00e9l\u00e9phonies cellulaires GSM, DCS, et UMTS), de transmission par faisceaux hertziens et fibre optique ainsi que de r\u00e9seau de de t\u00e9l\u00e9diffusion Broadcast num\u00e9rique et analogique..[\/vc_column_text][\/vc_column][\/vc_row][vc_row][vc_column][vc_empty_space][vc_row_inner][vc_column_inner width=&#8221;1\/3&#8243;][\/vc_column_inner][vc_column_inner width=&#8221;1\/3&#8243;][\/vc_column_inner][vc_column_inner width=&#8221;1\/3&#8243;][\/vc_column_inner][\/vc_row_inner][\/vc_column][\/vc_row][vc_row full_width=&#8221;stretch_row_content&#8221;][vc_column width=&#8221;1\/3&#8243;][vc_single_image image=&#8221;4714&#8243; img_size=&#8221;full&#8221;][vc_single_image image=&#8221;4736&#8243; img_size=&#8221;full&#8221;][\/vc_column][vc_column width=&#8221;1\/3&#8243;][vc_single_image image=&#8221;4712&#8243; img_size=&#8221;full&#8221;][vc_single_image image=&#8221;4732&#8243; img_size=&#8221;full&#8221;][\/vc_column][vc_column width=&#8221;1\/3&#8243;][vc_single_image image=&#8221;4710&#8243; img_size=&#8221;full&#8221;][vc_single_image image=&#8221;4735&#8243; img_size=&#8221;full&#8221;][\/vc_column][\/vc_row][vc_row full_width=&#8221;stretch_row_content&#8221;][vc_column][vc_empty_space][vc_row_inner][vc_column_inner width=&#8221;1\/2&#8243;][vc_column_text] VOTRE EXPERTISE [\/vc_column_text][\/vc_column_inner][vc_column_inner width=&#8221;1\/2&#8243;][vc_column_text]Dans un souci de performance et de qualit\u00e9, SETELCI s\u2019est dot\u00e9 de moyens logistiques et technologiques appropri\u00e9s pour mener \u00e0 bien ses activit\u00e9s au nombre desquels se trouvent : des v\u00e9hicules, une b\u00e9tonni\u00e8re, une souffleuse Sumitomo71 S, une soudeuse et groupe hydraulique, un compresseur d\u2019une puissance de 16 bars, un R\u00e9flectom\u00e8tre EXFO FTB-1 etc.[\/vc_column_text][\/vc_column_inner][\/vc_row_inner][vc_empty_space][vc_single_image image=&#8221;3001&#8243; img_size=&#8221;full&#8221;][\/vc_column][\/vc_row][vc_row full_width=&#8221;stretch_row_content&#8221;][vc_column width=&#8221;1\/2&#8243;][vc_column_text] PROJETS [\/vc_column_text][\/vc_column][vc_column width=&#8221;1\/2&#8243;][vc_column_text]Elle intervient \u00e9galement au niveau de l\u2019\u00e9tude et la r\u00e9alisation de projets \u00e9lectriques ainsi que des travaux de G\u00e9nie Civil. SETELCI, Soci\u00e9t\u00e9 de droit ivoirien, au capital Franco- Ivoirien, b\u00e9n\u00e9ficie de l\u2019appui technique de ses diff\u00e9rents partenaires europ\u00e9ens et \u00e9trangers. Son plateau technique est assur\u00e9 par des Managers, ing\u00e9nieurs et techniciens sup\u00e9rieurs jouissant d\u2019une exp\u00e9rience de plus de 10 ans dans les m\u00e9tiers des t\u00e9l\u00e9coms..[\/vc_column_text][\/vc_column][\/vc_row]<\/p>\n","protected":false},"author":1,"featured_media":0,"parent":0,"menu_order":0,"comment_status":"closed","ping_status":"closed","template":"","meta":{"footnotes":""},"class_list":["post-2588","page","type-page","status-publish","hentry","without-image"],"_links":{"self":[{"href":"https:\/\/setelci.com\/setelcigroupe\/wp-json\/wp\/v2\/pages\/2588","targetHints":{"allow":["GET"]}}],"collection":[{"href":"https:\/\/setelci.com\/setelcigroupe\/wp-json\/wp\/v2\/pages"}],"about":[{"href":"https:\/\/setelci.com\/setelcigroupe\/wp-json\/wp\/v2\/types\/page"}],"author":[{"embeddable":true,"href":"https:\/\/setelci.com\/setelcigroupe\/wp-json\/wp\/v2\/users\/1"}],"replies":[{"embeddable":true,"href":"https:\/\/setelci.com\/setelcigroupe\/wp-json\/wp\/v2\/comments?post=2588"}],"version-history":[{"count":27,"href":"https:\/\/setelci.com\/setelcigroupe\/wp-json\/wp\/v2\/pages\/2588\/revisions"}],"predecessor-version":[{"id":4846,"href":"https:\/\/setelci.com\/setelcigroupe\/wp-json\/wp\/v2\/pages\/2588\/revisions\/4846"}],"wp:attachment":[{"href":"https:\/\/setelci.com\/setelcigroupe\/wp-json\/wp\/v2\/media?parent=2588"}],"curies":[{"name":"wp","href":"https:\/\/api.w.org\/{rel}","templated":true}]}}