{"id":4799,"date":"2023-10-26T10:22:35","date_gmt":"2023-10-26T08:22:35","guid":{"rendered":"https:\/\/setelci.com\/setelcigroupe\/?page_id=4799"},"modified":"2025-02-21T17:58:31","modified_gmt":"2025-02-21T16:58:31","slug":"refrences2","status":"publish","type":"page","link":"https:\/\/setelci.com\/setelcigroupe\/refrences2\/","title":{"rendered":"REFERENCES"},"content":{"rendered":"<section class=\"wpb-content-wrapper\"><p>[vc_row][vc_column][vc_column_text]<\/p>\n<h6>Voici quelques r\u00e9f\u00e9rences repr\u00e9sentatives de notre activit\u00e9 depuis les derni\u00e8res ann\u00e9es en partant de nos exp\u00e9riences acquises en qualit\u00e9 d\u2019agents et employ\u00e9s \u00e0 SETELCI.<\/h6>\n<p>[\/vc_column_text][\/vc_column][\/vc_row][vc_row][vc_column width=&#8221;1\/2&#8243;][vc_single_image image=&#8221;2476&#8243;][vc_column_text]<\/p>\n<pre><u>COTE D\u2019IVOIRE<\/u>\n\nPROJET DE CONSTRUCTION DE SITES CLE EN MAINS (32 SITES) PROJET DE DEMONTAGE PROJET DE SURVEY ET D\u2019AUDIT DES SITES DE PYLONES\n\nPROJET DE DEMONTAGE DE SITES\n\nPROJET SECURISATION PYLONES_REROUTAGE CIT\/PLANNING DE RECETTE DE LIENS FH\n\nTRAVAUX DEPLOIEMENT S20-17_ SOLLICITATIONS VERS MSP VENTE DE CABLES \u00bd POUCES ET CABLE ALIM RRH CONSTRUCTION PYLONES SITE CLE A MAIN\n\nPROJET MOSAIC\n\nINVENTAIRE D\u2019EQUIPEMENTS\n\nPROJET DE CONSTRUCTION DE SITES (09) PROJET MOSAIC\n\nVENTE DE CABLES \u00bd POUCES ET CABLE ALIM RRH PROJET REHABILITATION DE SITES\n\nPROJET DE RENFORCEMENT DE MASSIFS PYLONES PROJET DE RENFORCEMENT PYLONE\n\nPROJET FADING (INSTALLATION DE COFFRET 48V + DPN 125A) PROJET COLOCATION DE SITES\n\nPROJET DE SECURISATION PROJET DE LTE\n\nPROJET DE MOSAIC\n\nPROJET DE DEPLACEMENT DE RESEAU ORANGE (DALOA) PROJET DE DEPLACEMENT RESEAU ABATTA CITE SIR PROJET DE DEPLACEMENT RESEAU BONOUMIN 1 ET 2 PROJET CONSTRUCTION PYLONES OCI COMOE 11 SITES PROJET DE DEPLACEMENT FO NORMALISATION BAKIKAHA PROJET DE FTTH KM4\n\nPROJET EQUILIBRAGE RFM 200 SITES\n\nPROJET DE DEPLACEMENT FO TRAVERSE DE BOUAKE PROJET DE DEPLACEMENT FO AKOUEDO\n\nPROJET DE DEPLACEMENT FO BONOUMIN PROJET DE DEPLACEMENT FO ANGRE CHATEAU PROJET DE DEPLACEMENT FO ASSINIE ACQUISITION DES SITES GSM ORANGE\n\n<u>CAMEROUN<\/u>\n\nINSTALLATIONS ET DEMENAGEMENTS DES LIAISONS FH \/VSAT INSTALLATIONS ET DEMENAGEMENTS DE TRANSMISSIONS B2B \/VSAT\n\nINSTALLATION ET CONFIGURATION DES LIAISONS FH 122 SITES DEMANTELEMENT DES LIAISONS FH 300 SITES\n\nMAINTENANCE, TRANSMISSIONS ET RAN TOTAL ENERGIE 10 EQ INSTALLATION ET CONFIGURATION LIAISONS VSAT 01 SITE DEMANTELEMENT VSAT INSTALLATIONS ET CONFIGURATIONS LIAISONS B2B, MICROWAVES ET RADWIN 05 SITES<\/pre>\n<p>[\/vc_column_text][\/vc_column][vc_column width=&#8221;1\/2&#8243;][vc_single_image image=&#8221;2474&#8243;][vc_column_text]<\/p>\n<pre><u>COTE D\u2019IVOIRE<\/u>\n\nPROJET DE CONSTRUCTION DE SITES CLE EN MAINS (24 SITES) PROJET FIBRE OPTIQUE METRO D\u2019ABIDJAN\n\nPROJET DE DEPLACEMENT DE RESEAU MOOV (TIEBISSOU _ BOUAKE)\n\nPROJET DE DEPLACEMENT RESEAU ABATTA 1 ET 2 PROJET DE DEPLACEMENT RESEAU BINGERVILLE 1 ET 2\n\nPROJET PNTR-HUAWEI (PROJET NATIONAL DE TELEPHONIE RURAL) AVEC LA POSE ET CONNEXION DE 38KMS \u00ab MARABADJASSA-TIENOUNGBE \u00bb DE FIBRE OPTIQUE.\n\nPROJET VPA-HUAWEI (VIDEO PROTECTION DE LA VILLE D\u2019ABIDJAN)\n\nPROJET PNTR-HUAWEI (PROJET NATIONAL DE TELEPHONIE RURAL) AVEC LA POSE ET CONNEXION DE 40KMS \u00ab FERKE- KALAKALA \u00bb DE FIBRE OPTIQUE\n\nPROJET CONSTRUTION PYLONE DE 51 SITES\n\nPROJET DE DEPLACEMENT FO TRAVERSE DE BOUAKE PROJET DE DEPLACEMENT FO SAN PEDRO\n\nPROJET DE DEPLACEMENT FO TIEBISOU-BOUAKE PROJET DE CONSTRUCTION PLYNE 4 EME PONT\n\nPROJET DE DEPLOIMENT FO MOOV CONNEXION WEST AFRICA PROJET DE FOURNITURE 900 POTEAUX PETIT JEAN\n\n<u>TOGO<\/u>\n\nPROJET DE CONSTRUCTION DE SITES CLE EN MAINS (11 PYLONES)\n\nPROJET MAINTENANCE CURATIVE ET PREVENTIVE\n\nPROJET DE CONSTRUCTION DE SITES CLE EN MAINS(11 PYLONES)\n\nTRANSFERT D'EQUIPEMENTS FH ET CORRECTION RESEAUX DE TERRE\n\nEXPERTISE PYLONE GMNS\n\n<u>BENIN<\/u>\n\nPROJET PARCOURS TERRESTRE\n\n<u>CAMEROUN<\/u><\/pre>\n<p>[\/vc_column_text][\/vc_column][\/vc_row][vc_row][vc_column width=&#8221;1\/2&#8243;][vc_single_image image=&#8221;3207&#8243;][vc_column_text]<\/p>\n<pre><u>COTE D\u2019IVOIRE<\/u>\n\nCONSTRUCTION DE SITE CLE EN MAINS ( 30 SITES ) FOURNITURE DE MATERIEL (CABLE FEEDERS) CONSTRUCTION DE SITES 05 SITES COLOC MTN PROJET DE SURVEY (500 SITES)\n\nFOURNITURE DE MATERIEL (CABLE FEEDERS) POUR LA CONSTRUCTION DE SITE.\n\nPROJET SURVEY ET ENGINEERING DE SITE. DEMONTAGE DU SITE MERMOZ.\n\nSURVEY 2G AND 3G COVERAGE ROLL OUT (60 sites) LOCATION ET INSTALLATION EQUIPEMENT WIFI LOCATION ET INSTALLATION EQUIPEMENT WIFI 2 TRAVAUX DE RE-AZIMUT D\u2019ANTENNE DE PANNEAU INSTALLATION BTS + FH SUR 4 SITES\n\nTRANSFERT D\u2019EQUIPEMENT SITE A SITE TILT ET AZIMUTH SUR 45 SITES NETWORK ROLL OUT 40 SITES\n\nDESINSTALLATION DE MICROWAVES : 227 BONDS SWAP 11 SITES\n\nFOURNITURE ET POSE DE SUPPORT GSM 22 SITES REHABILITATION TOWER DE DIVERS SITES TECHNIQUES INSTALLATION TECHNIQUE SUR 8 SITES (CONSTRUCTION COLOC)\n\nRE-AZIMUT D\u2019ANTENNE PANNEAU 2G, 3G SUR PLUS DE 50 SITES\n\nROLL OUT\n\nIMPLEMENTATION (ETANCHEITE DE DALLE, SWAP D\u2019ANTENNE, RE-AZIMUT D\u2019ANTENNE PANNEAU) TRANSFERE D\u2019EQUIPEMENT (OCI RELOCATION)\n\nSURVEY 136 SITES (2G &amp; 3G) TRAVAUX DE SWAP D\u2019ANTENNES PROJET DE CONSTRUCTION 50 SITES PYLONES\n\nPROJET DE COLOC 13 SITES PROJET DE COLOC 07 SITES\n\nPROJET ANSUT FO SHARING GAGNOA KOKOUMBO PROJET ANSUT FO SHARING SIEMPURGO-SEGUELA PROJET FO REPAIR PK22\n\nPROJET DE FOURNITURE MATERIEL PEHD-PVC PROJET DE FOURNITURE MATERIEL FO PROJET DE MAINTENANCE FO\n\nFOURNITURE 50 GROUPES ELECTROGENES RACCORDEMENT ELECTRIQUES 50 SITES\n\n<u>CAMEROUN<\/u>\n\nMAINTENANCE PREVENTIVE ET CURATIVE RESEAU FIBRE OPTIQUE 82 KM<\/pre>\n<p>[\/vc_column_text][\/vc_column][vc_column width=&#8221;1\/2&#8243;][vc_single_image image=&#8221;2914&#8243;][vc_column_text]<\/p>\n<pre><u>COTE D\u2019IVOIRE<\/u>\n\nPROJET REHABILITATION DE SITES\n\nPROJET DE RENFORCEMENT DE MASSIFS PYLONES PROJET DE RENFORCEMENT PYLONE\n\nPROJET FADING ( INSTALLATION DE COFFRET 48V + DPN 125A ) PROJET COLOCATION DE SITES\n\nPROJET DE SECURISATION PROJET DE LTE\n\nPROJET DE MOSAIC\n\nPROJET DE DEMONTAGE PROJET MOSAIC 23 SITES COLOCATION MTN 2016 6 SITES ROOFTOP SMELL_2016 (AT COSTS)\n\nPLASMA_2016 (2 SITES)\n\nAUDIT PYLONE 2016 (38 PYLONES) PHASE 1\n\nAUDIT PYLONE 2016 (38 PYLONES) PHASE 2\n\nAUDIT PYLONE 2016 (36 PYLONES) PHASE 3\n\nAUDIT PYLONE 2016 (40 PYLONES) PHASE 3(VAGUE 2)\n\nAUDIT PYLONE 2016 (18 PYLONES) PHASE 4\n\nAUDIT PYLONE 2016 (33 PYLONES) PHASE 5\n\nREHABILITATION 21 SITES PROJET D4U SUR 6 SITES\n\nCONSTRUCTION SITES GSM GREENFIELD (B2S RO 2016 (6) SITES) PROJET EARTHING (3 SITES)\n\nPROJET SECURISATION SITES (3 SITES EN COLOC ET 6 SITES EN ACQUISITION) TOWER RENFORCEMENT MANKONO\/ TOUNVRE\/BANADJE\n\nINSTALLATION IPT (SWAP POWER PHASE 2, 3, 4,5 PROJET DE CONSTRUCTION DE SITES (03) PROJET REHABILITATION DE SITES\n\nPROJET DE RENFORCEMENT DE MASSIFS PYLONES PROJET DE RENFORCEMENT PYLONE\n\nPROJET FADING (INSTALLATION DE COFFRET 48V + DPN 125A) PROJET COLOCATION DE SITES\n\nPROJET DE SECURISATION PROJET DE LTE\n\nPROJET DE MOSAIC PROJET DE DEMONTAGE\n\nPROJET NAWA COLOC 2022 04 SITES PROJET DE TOWER PAINTING 17 SITES PROJET DE MAINTENANCE 600 SITES IHS<\/pre>\n<p>[\/vc_column_text][\/vc_column][\/vc_row][vc_row][vc_column width=&#8221;1\/2&#8243;][vc_single_image image=&#8221;2819&#8243;][vc_column_text]<\/p>\n<pre><u>COTE D\u2019IVOIRE<\/u>\n\nPROJET PNTR(PHASE1)-HUAWEI (PROJET NATIONAL DE TELEPHONIE RURAL) AVEC LA POSE ET CONNEXION DE 38KMS \u00ab MARABADIASSA-TIENOUNGBE \u00bb DE FIBRE OPTIQUE.\n\nPROJET VPA-HUAWEI (VIDEO PROTECTION DE LA VILLE D\u2019ABIDJAN)\n\nPROJET PNTR (PHASE 2)-HUAWEI (PROJET NATIONAL DE TELEPHONIE RURAL) AVEC LA POSE ET CONNEXION DE 40KMS \u00ab FERKE-KALAKALA \u00bb DE FIBRE OPTIQUE.\n\nINSTALLATION DE 07 SITES AVEC PYLONE DE 50M-75M POUR LE COMPTE DE MOOV CI\n\nTRAVAUX D\u2019INSTALLATION DE FIBRE OPTIQUE SUR LE TRON\u00c7ON MARABADIASSA-TIENOUNGBE LONG DE 38 KM. DEPLOIEMENT DE LA TECHNOLOGIE WIMAX SUR 20 SITES ORANGE CI\n\n<u>CAMEROUN<\/u>\n\nPROJET DE METRO FIBRE OPTIQUE 15KM\n\nPROJET MTNM 2G-3G-LTE ROLLOUT (FIBRE OPTIQUE DEPLOIEMENT DU RESEAU FIBRE OPTIQUE MTN<\/pre>\n<p>[\/vc_column_text][\/vc_column][vc_column width=&#8221;1\/2&#8243;][vc_single_image image=&#8221;4698&#8243;][vc_column_text]<\/p>\n<pre><u>COTE D\u2019IVOIRE<\/u>\n\nPROJET SWAP RBS 2000 EN 6000 MOOV-CI\n\nPROJET INSTALLATION RBS ET FH RO 2017 MOOV-CI PROJET DE GRUTAGE\n\n<u>RAN<\/u> SWAPS\n\nNEWS INSTALLATIONS UPGRADE\n\n<u>TRANSMISSION (TX<\/u>) NEW LINK\n\nSWAP EXISTING SW UPGRADE\n\n<u>SURVEY<\/u> <u>TSS<\/u>\n\nSURVEY FOR NEW SITE SURVEY FOR EXISTING SITE SURVEY FOR TX\n\nPROJET SWAP RADIO 24 SITES PROJET SWAP TRANS 24 SITES\n\n<u>CAMEROUN<\/u>\n\nPROJET DE DEPLOIEMENT DES LL SUR RESEAU ORANGE POUR LA DGSN\n\nTRANSFERT ET MISE EN SERVICE D\u2019EQUIPEMENTS SITE A SITE FOURNITURE DE MATERIEL\n\nPROJET DE MAINTENANCE PONCTUELLE INSTALLATIONS ET CONFIGURATIONS LIAISONS B2B, MICROWAVES ET RADWIN 200 SITES\n\nMAINTENANCE, TRANSMISSION ET RAN TOTAL ENERGIE CAN 2021 10 EQUIPES.<\/pre>\n<p>[\/vc_column_text][\/vc_column][\/vc_row][vc_row][vc_column width=&#8221;1\/2&#8243;][vc_single_image image=&#8221;4836&#8243;][vc_column_text]<\/p>\n<pre><u>COTE D\u2019IVOIRE<\/u>\n\nPROJET DE DEPLACEMENT DE RESEAU FIBRE OPTIQUE POUR LE CONCESSIONNAIRE ORANGE CI :\n\n\nBONON\n\n\nPROJET TRAVAUX D\u2019ASSAINISSEMENT ET DE DRAINAGE AU STADE D\u2019EBIMPE\nPROJET TRAVAUX D\u2019ASSAINISSEMENT ET DE DRAINAGE A SONGON\n\n\nPROJET DE RENFORCEMENT DE LA ROUTE D\u2019AGBOVILLE<\/pre>\n<p>[\/vc_column_text][\/vc_column][vc_column width=&#8221;1\/2&#8243;][vc_single_image image=&#8221;4834&#8243;][vc_column_text]<\/p>\n<pre><u>COTE D\u2019IVOIRE<\/u>\n\nPROJET DE DEPLACEMENT DE RESEAU ORANGE (DALOA) PROJET DE DEPLACEMENT RESEAU ABATTA CITE SIR PROJET DE DEPLACEMENT RESEAU BONOUMIN 1 PROJET DE DEPLACEMENT RESEAU BONOUMIN 2\n\nPROJET DE DEPLACEMENT DE RESEAU MOOV (TIEBISSOU _ BOUAKE)\n\nPROJET DE DEPLACEMENT RESEAU ABATTA 1 PROJET DE DEPLACEMENT RESEAU ABATTA 2\n\nPROJET DE DEPLACEMENT RESEAU BINGERVILLE 1 PROJET DE DEPLACEMENT RESEAU BINGERVILLE 2<\/pre>\n<p>[\/vc_column_text][\/vc_column][\/vc_row][vc_row][vc_column width=&#8221;1\/2&#8243;][vc_single_image image=&#8221;4838&#8243;][vc_column_text]<\/p>\n<pre><u>COTE D\u2019IVOIRE<\/u>\n\nPROJET DEPLOIEMENT DE LA FIBRE OPTIQUE PROJET PNTR (PHASE 3)\n\nPROJET DE TIRAGE CABLE FIBRE OPTIQUE\n\nPROJET DE RACCORDEMENT (centrale \u00e9lectrique)<\/pre>\n<p>[\/vc_column_text][\/vc_column][vc_column width=&#8221;1\/2&#8243;][vc_single_image image=&#8221;4839&#8243;][vc_column_text]<\/p>\n<pre>\n<u>BURKINA-FASO<\/u>\n\n\n\nVENTE DE FOURNITURES FIBRE OPTIQUE 24 FO DE 80 KM VENTE DE FOURNITURES FIBRE OPTIQUE 12 FO DE 40 KM \n\nPROJET DEMANTAGE BTS ET REDEPLOIMENT 28 SITES PROJET DEPLOIMENT FTTH 15 ZONES<\/pre>\n<p>[\/vc_column_text][\/vc_column][\/vc_row][vc_row][vc_column width=&#8221;1\/2&#8243;][vc_single_image image=&#8221;4918&#8243;][vc_column_text]<\/p>\n<pre><u>COTE D\u2019IVOIRE<\/u>\n\n\u00c9LECTRIFICATION ET INSTALLATION D'UNE LIGNE MT(YOMANKRO)\n\u00c9LECTRIFICATION ET MISE EN NORMES DES CASERNES\n\n<\/pre>\n<p>[\/vc_column_text][\/vc_column][vc_column width=&#8221;1\/2&#8243;][vc_single_image image=&#8221;4938&#8243;][vc_column_text]<\/p>\n<pre><u>C\u00d4TE D'IVOIRE\n<\/u>Survey sur les \u00e9quipements existants (MTN et ORANGE)\nINSTALLATION D'\u00c9QUIPEMENTS RADIO (MTN et ORANGE)<\/pre>\n<p>[\/vc_column_text][\/vc_column][\/vc_row][vc_row][vc_column width=&#8221;1\/2&#8243;][vc_single_image image=&#8221;4940&#8243;][vc_column_text]<\/p>\n<pre><u>COTE D\u2019IVOIRE<\/u>\n\nDEPLACEMENT DE RESEAU AEROCITE ANCIEN KOUMASSI\nDEPLACEMENT DE RESEAU ABATTOIR (PORT BOUET)\n\n<\/pre>\n<p>[\/vc_column_text][\/vc_column][\/vc_row]<\/p>\n<\/section>","protected":false},"excerpt":{"rendered":"<p>[vc_row][vc_column][vc_column_text] Voici quelques r\u00e9f\u00e9rences repr\u00e9sentatives de notre activit\u00e9 depuis les derni\u00e8res ann\u00e9es en partant de nos exp\u00e9riences acquises en qualit\u00e9 d\u2019agents et employ\u00e9s \u00e0 SETELCI. [\/vc_column_text][\/vc_column][\/vc_row][vc_row][vc_column width=&#8221;1\/2&#8243;][vc_single_image image=&#8221;2476&#8243;][vc_column_text] COTE D\u2019IVOIRE PROJET DE CONSTRUCTION DE SITES CLE EN MAINS (32 SITES) PROJET DE DEMONTAGE PROJET DE SURVEY ET D\u2019AUDIT DES SITES DE PYLONES PROJET DE DEMONTAGE DE SITES PROJET SECURISATION PYLONES_REROUTAGE CIT\/PLANNING DE RECETTE DE LIENS FH TRAVAUX DEPLOIEMENT S20-17_ SOLLICITATIONS VERS MSP VENTE DE CABLES \u00bd POUCES ET CABLE ALIM RRH CONSTRUCTION PYLONES SITE CLE A MAIN PROJET MOSAIC INVENTAIRE D\u2019EQUIPEMENTS PROJET DE CONSTRUCTION DE SITES (09) PROJET MOSAIC VENTE DE CABLES \u00bd POUCES ET CABLE ALIM RRH PROJET REHABILITATION DE SITES PROJET DE RENFORCEMENT DE MASSIFS PYLONES PROJET DE RENFORCEMENT PYLONE PROJET FADING (INSTALLATION DE COFFRET 48V + DPN 125A) PROJET COLOCATION DE SITES PROJET DE SECURISATION PROJET DE LTE PROJET DE MOSAIC PROJET DE DEPLACEMENT DE RESEAU ORANGE (DALOA) PROJET DE DEPLACEMENT RESEAU ABATTA CITE SIR PROJET DE DEPLACEMENT RESEAU BONOUMIN 1 ET 2 PROJET CONSTRUCTION PYLONES OCI COMOE 11 SITES PROJET DE DEPLACEMENT FO NORMALISATION BAKIKAHA PROJET DE FTTH KM4 PROJET EQUILIBRAGE RFM 200 SITES PROJET DE DEPLACEMENT FO TRAVERSE DE BOUAKE PROJET DE DEPLACEMENT FO AKOUEDO PROJET DE DEPLACEMENT FO BONOUMIN PROJET DE DEPLACEMENT FO ANGRE CHATEAU PROJET DE DEPLACEMENT FO ASSINIE ACQUISITION DES SITES GSM ORANGE CAMEROUN INSTALLATIONS ET DEMENAGEMENTS DES LIAISONS FH \/VSAT INSTALLATIONS ET DEMENAGEMENTS DE TRANSMISSIONS B2B \/VSAT INSTALLATION ET CONFIGURATION DES LIAISONS FH 122 SITES DEMANTELEMENT DES LIAISONS FH 300 SITES MAINTENANCE, TRANSMISSIONS ET RAN TOTAL ENERGIE 10 EQ INSTALLATION ET CONFIGURATION LIAISONS VSAT 01 SITE DEMANTELEMENT VSAT INSTALLATIONS ET CONFIGURATIONS LIAISONS B2B, MICROWAVES ET RADWIN 05 SITES [\/vc_column_text][\/vc_column][vc_column width=&#8221;1\/2&#8243;][vc_single_image image=&#8221;2474&#8243;][vc_column_text] COTE D\u2019IVOIRE PROJET DE CONSTRUCTION DE SITES CLE EN MAINS (24 SITES) PROJET FIBRE OPTIQUE METRO D\u2019ABIDJAN PROJET DE DEPLACEMENT DE RESEAU MOOV (TIEBISSOU _ BOUAKE) PROJET DE DEPLACEMENT RESEAU ABATTA 1 ET 2 PROJET DE DEPLACEMENT RESEAU BINGERVILLE 1 ET 2 PROJET PNTR-HUAWEI (PROJET NATIONAL DE TELEPHONIE RURAL) AVEC LA POSE ET CONNEXION DE 38KMS \u00ab MARABADJASSA-TIENOUNGBE \u00bb DE FIBRE OPTIQUE. PROJET VPA-HUAWEI (VIDEO PROTECTION DE LA VILLE D\u2019ABIDJAN) PROJET PNTR-HUAWEI (PROJET NATIONAL DE TELEPHONIE RURAL) AVEC LA POSE ET CONNEXION DE 40KMS \u00ab FERKE- KALAKALA \u00bb DE FIBRE OPTIQUE PROJET CONSTRUTION PYLONE DE 51 SITES PROJET DE DEPLACEMENT FO TRAVERSE DE BOUAKE PROJET DE DEPLACEMENT FO SAN PEDRO PROJET DE DEPLACEMENT FO TIEBISOU-BOUAKE PROJET DE CONSTRUCTION PLYNE 4 EME PONT PROJET DE DEPLOIMENT FO MOOV CONNEXION WEST AFRICA PROJET DE FOURNITURE 900 POTEAUX PETIT JEAN TOGO PROJET DE CONSTRUCTION DE SITES CLE EN MAINS (11 PYLONES) PROJET MAINTENANCE CURATIVE ET PREVENTIVE PROJET DE CONSTRUCTION DE SITES CLE EN MAINS(11 PYLONES) TRANSFERT D&#8217;EQUIPEMENTS FH ET CORRECTION RESEAUX DE TERRE EXPERTISE PYLONE GMNS BENIN PROJET PARCOURS TERRESTRE CAMEROUN [\/vc_column_text][\/vc_column][\/vc_row][vc_row][vc_column width=&#8221;1\/2&#8243;][vc_single_image image=&#8221;3207&#8243;][vc_column_text] COTE D\u2019IVOIRE CONSTRUCTION DE SITE CLE EN MAINS ( 30 SITES ) FOURNITURE DE MATERIEL (CABLE FEEDERS) CONSTRUCTION DE SITES 05 SITES COLOC MTN PROJET DE SURVEY (500 SITES) FOURNITURE DE MATERIEL (CABLE FEEDERS) POUR LA CONSTRUCTION DE SITE. PROJET SURVEY ET ENGINEERING DE SITE. DEMONTAGE DU SITE MERMOZ. SURVEY 2G AND 3G COVERAGE ROLL OUT (60 sites) LOCATION ET INSTALLATION EQUIPEMENT WIFI LOCATION ET INSTALLATION EQUIPEMENT WIFI 2 TRAVAUX DE RE-AZIMUT D\u2019ANTENNE DE PANNEAU INSTALLATION BTS + FH SUR 4 SITES TRANSFERT D\u2019EQUIPEMENT SITE A SITE TILT ET AZIMUTH SUR 45 SITES NETWORK ROLL OUT 40 SITES DESINSTALLATION DE MICROWAVES : 227 BONDS SWAP 11 SITES FOURNITURE ET POSE DE SUPPORT GSM 22 SITES REHABILITATION TOWER DE DIVERS SITES TECHNIQUES INSTALLATION TECHNIQUE SUR 8 SITES (CONSTRUCTION COLOC) RE-AZIMUT D\u2019ANTENNE PANNEAU 2G, 3G SUR PLUS DE 50 SITES ROLL OUT IMPLEMENTATION (ETANCHEITE DE DALLE, SWAP D\u2019ANTENNE, RE-AZIMUT D\u2019ANTENNE PANNEAU) TRANSFERE D\u2019EQUIPEMENT (OCI RELOCATION) SURVEY 136 SITES (2G &amp; 3G) TRAVAUX DE SWAP D\u2019ANTENNES PROJET DE CONSTRUCTION 50 SITES PYLONES PROJET DE COLOC 13 SITES PROJET DE COLOC 07 SITES PROJET ANSUT FO SHARING GAGNOA KOKOUMBO PROJET ANSUT FO SHARING SIEMPURGO-SEGUELA PROJET FO REPAIR PK22 PROJET DE FOURNITURE MATERIEL PEHD-PVC PROJET DE FOURNITURE MATERIEL FO PROJET DE MAINTENANCE FO FOURNITURE 50 GROUPES ELECTROGENES RACCORDEMENT ELECTRIQUES 50 SITES CAMEROUN MAINTENANCE PREVENTIVE ET CURATIVE RESEAU FIBRE OPTIQUE 82 KM [\/vc_column_text][\/vc_column][vc_column width=&#8221;1\/2&#8243;][vc_single_image image=&#8221;2914&#8243;][vc_column_text] COTE D\u2019IVOIRE PROJET REHABILITATION DE SITES PROJET DE RENFORCEMENT DE MASSIFS PYLONES PROJET DE RENFORCEMENT PYLONE PROJET FADING ( INSTALLATION DE COFFRET 48V + DPN 125A ) PROJET COLOCATION DE SITES PROJET DE SECURISATION PROJET DE LTE PROJET DE MOSAIC PROJET DE DEMONTAGE PROJET MOSAIC 23 SITES COLOCATION MTN 2016 6 SITES ROOFTOP SMELL_2016 (AT COSTS) PLASMA_2016 (2 SITES) AUDIT PYLONE 2016 (38 PYLONES) PHASE 1 AUDIT PYLONE 2016 (38 PYLONES) PHASE 2 AUDIT PYLONE 2016 (36 PYLONES) PHASE 3 AUDIT PYLONE 2016 (40 PYLONES) PHASE 3(VAGUE 2) AUDIT PYLONE 2016 (18 PYLONES) PHASE 4 AUDIT PYLONE 2016 (33 PYLONES) PHASE 5 REHABILITATION 21 SITES PROJET D4U SUR 6 SITES CONSTRUCTION SITES GSM GREENFIELD (B2S RO 2016 (6) SITES) PROJET EARTHING (3 SITES) PROJET SECURISATION SITES (3 SITES EN COLOC ET 6 SITES EN ACQUISITION) TOWER RENFORCEMENT MANKONO\/ TOUNVRE\/BANADJE INSTALLATION IPT (SWAP POWER PHASE 2, 3, 4,5 PROJET DE CONSTRUCTION DE SITES (03) PROJET REHABILITATION DE SITES PROJET DE RENFORCEMENT DE MASSIFS PYLONES PROJET DE RENFORCEMENT PYLONE PROJET FADING (INSTALLATION DE COFFRET 48V + DPN 125A) PROJET COLOCATION DE SITES PROJET DE SECURISATION PROJET DE LTE PROJET DE MOSAIC PROJET DE DEMONTAGE PROJET NAWA COLOC 2022 04 SITES PROJET DE TOWER PAINTING 17 SITES PROJET DE MAINTENANCE 600 SITES IHS [\/vc_column_text][\/vc_column][\/vc_row][vc_row][vc_column width=&#8221;1\/2&#8243;][vc_single_image image=&#8221;2819&#8243;][vc_column_text] COTE D\u2019IVOIRE PROJET PNTR(PHASE1)-HUAWEI (PROJET NATIONAL DE TELEPHONIE RURAL) AVEC LA POSE ET CONNEXION DE 38KMS \u00ab MARABADIASSA-TIENOUNGBE \u00bb DE FIBRE OPTIQUE. PROJET VPA-HUAWEI (VIDEO PROTECTION DE LA VILLE D\u2019ABIDJAN) PROJET PNTR (PHASE 2)-HUAWEI (PROJET NATIONAL DE TELEPHONIE RURAL) AVEC LA POSE ET CONNEXION DE 40KMS \u00ab FERKE-KALAKALA \u00bb DE FIBRE OPTIQUE. INSTALLATION DE 07 SITES AVEC PYLONE DE 50M-75M POUR LE COMPTE DE MOOV CI TRAVAUX D\u2019INSTALLATION DE FIBRE OPTIQUE SUR LE TRON\u00c7ON MARABADIASSA-TIENOUNGBE LONG DE 38 KM. DEPLOIEMENT DE LA TECHNOLOGIE WIMAX SUR 20 SITES ORANGE CI CAMEROUN PROJET DE METRO FIBRE OPTIQUE 15KM<\/p>\n","protected":false},"author":1,"featured_media":0,"parent":0,"menu_order":0,"comment_status":"closed","ping_status":"closed","template":"","meta":{"footnotes":""},"class_list":["post-4799","page","type-page","status-publish","hentry","without-image"],"_links":{"self":[{"href":"https:\/\/setelci.com\/setelcigroupe\/wp-json\/wp\/v2\/pages\/4799","targetHints":{"allow":["GET"]}}],"collection":[{"href":"https:\/\/setelci.com\/setelcigroupe\/wp-json\/wp\/v2\/pages"}],"about":[{"href":"https:\/\/setelci.com\/setelcigroupe\/wp-json\/wp\/v2\/types\/page"}],"author":[{"embeddable":true,"href":"https:\/\/setelci.com\/setelcigroupe\/wp-json\/wp\/v2\/users\/1"}],"replies":[{"embeddable":true,"href":"https:\/\/setelci.com\/setelcigroupe\/wp-json\/wp\/v2\/comments?post=4799"}],"version-history":[{"count":33,"href":"https:\/\/setelci.com\/setelcigroupe\/wp-json\/wp\/v2\/pages\/4799\/revisions"}],"predecessor-version":[{"id":4946,"href":"https:\/\/setelci.com\/setelcigroupe\/wp-json\/wp\/v2\/pages\/4799\/revisions\/4946"}],"wp:attachment":[{"href":"https:\/\/setelci.com\/setelcigroupe\/wp-json\/wp\/v2\/media?parent=4799"}],"curies":[{"name":"wp","href":"https:\/\/api.w.org\/{rel}","templated":true}]}}