{"id":4802,"date":"2023-10-26T10:25:11","date_gmt":"2023-10-26T08:25:11","guid":{"rendered":"https:\/\/setelci.com\/setelcigroupe\/?page_id=4802"},"modified":"2025-10-15T12:54:12","modified_gmt":"2025-10-15T10:54:12","slug":"prix-dexcellence","status":"publish","type":"page","link":"https:\/\/setelci.com\/setelcigroupe\/prix-dexcellence\/","title":{"rendered":"PRIX D&#8217;EXCELLENCE"},"content":{"rendered":"<section class=\"wpb-content-wrapper\"><p>[vc_row][vc_column][vc_column_text]<\/p>\n<h5>Avec plusieurs ann\u00e9es, l&#8217;entreprise SETELCI s&#8217;est distingu\u00e9e \u00e0 travers plusieurs troph\u00e9es.<\/h5>\n<p>&nbsp;[\/vc_column_text][vc_column_text]<\/p>\n<h5><img decoding=\"async\" class=\"wp-image-4820 alignleft\" src=\"https:\/\/setelci.com\/setelcigroupe\/wp-content\/uploads\/2023\/10\/Sans-titre-1.jpg\" alt=\"\" width=\"33\" height=\"34\" srcset=\"https:\/\/setelci.com\/setelcigroupe\/wp-content\/uploads\/2023\/10\/Sans-titre-1.jpg 214w, https:\/\/setelci.com\/setelcigroupe\/wp-content\/uploads\/2023\/10\/Sans-titre-1-150x150.jpg 150w\" sizes=\"(max-width: 33px) 100vw, 33px\" \/>Grand Prix Panafricain des Leaders (PADEL),Maroc 2022<\/h5>\n<h5><img decoding=\"async\" class=\"wp-image-4820 alignleft\" src=\"https:\/\/setelci.com\/setelcigroupe\/wp-content\/uploads\/2023\/10\/Sans-titre-1.jpg\" alt=\"\" width=\"30\" height=\"30\" srcset=\"https:\/\/setelci.com\/setelcigroupe\/wp-content\/uploads\/2023\/10\/Sans-titre-1.jpg 214w, https:\/\/setelci.com\/setelcigroupe\/wp-content\/uploads\/2023\/10\/Sans-titre-1-150x150.jpg 150w\" sizes=\"(max-width: 30px) 100vw, 30px\" \/>Prix Ivoirien de la Qualit\u00e9, Abidjan 2021<\/h5>\n<h5><img decoding=\"async\" class=\"wp-image-4820 alignleft\" src=\"https:\/\/setelci.com\/setelcigroupe\/wp-content\/uploads\/2023\/10\/Sans-titre-1.jpg\" alt=\"\" width=\"31\" height=\"32\" srcset=\"https:\/\/setelci.com\/setelcigroupe\/wp-content\/uploads\/2023\/10\/Sans-titre-1.jpg 214w, https:\/\/setelci.com\/setelcigroupe\/wp-content\/uploads\/2023\/10\/Sans-titre-1-150x150.jpg 150w\" sizes=\"(max-width: 31px) 100vw, 31px\" \/>Prix de l\u2019innovation Technologique et de T\u00e9l\u00e9communications, Awards des Entreprises, Abidjan 2021<\/h5>\n<h5><img loading=\"lazy\" decoding=\"async\" class=\"wp-image-4820 alignleft\" src=\"https:\/\/setelci.com\/setelcigroupe\/wp-content\/uploads\/2023\/10\/Sans-titre-1.jpg\" alt=\"\" width=\"32\" height=\"33\" srcset=\"https:\/\/setelci.com\/setelcigroupe\/wp-content\/uploads\/2023\/10\/Sans-titre-1.jpg 214w, https:\/\/setelci.com\/setelcigroupe\/wp-content\/uploads\/2023\/10\/Sans-titre-1-150x150.jpg 150w\" sizes=\"(max-width: 32px) 100vw, 32px\" \/>Prix de la Meilleure PME Champions &amp; SME Africa Awards Forum \/ African Guarantee Fund, Abidjan 2017<\/h5>\n<h5><img loading=\"lazy\" decoding=\"async\" class=\"wp-image-4820 alignleft\" src=\"https:\/\/setelci.com\/setelcigroupe\/wp-content\/uploads\/2023\/10\/Sans-titre-1.jpg\" alt=\"\" width=\"33\" height=\"33\" srcset=\"https:\/\/setelci.com\/setelcigroupe\/wp-content\/uploads\/2023\/10\/Sans-titre-1.jpg 214w, https:\/\/setelci.com\/setelcigroupe\/wp-content\/uploads\/2023\/10\/Sans-titre-1-150x150.jpg 150w\" sizes=\"(max-width: 33px) 100vw, 33px\" \/>Prix QC100 &#8211; BID AWARDS, Paris 2016<\/h5>\n<h5><img loading=\"lazy\" decoding=\"async\" class=\"wp-image-4820 alignleft\" src=\"https:\/\/setelci.com\/setelcigroupe\/wp-content\/uploads\/2023\/10\/Sans-titre-1.jpg\" alt=\"\" width=\"32\" height=\"33\" srcset=\"https:\/\/setelci.com\/setelcigroupe\/wp-content\/uploads\/2023\/10\/Sans-titre-1.jpg 214w, https:\/\/setelci.com\/setelcigroupe\/wp-content\/uploads\/2023\/10\/Sans-titre-1-150x150.jpg 150w\" sizes=\"(max-width: 32px) 100vw, 32px\" \/>Certificate of Award (MTN Wireless Project in C\u00f4te d\u2019ivoire 2024)<\/h5>\n<h5><\/h5>\n<p>[\/vc_column_text][\/vc_column][\/vc_row]<\/p>\n<\/section>","protected":false},"excerpt":{"rendered":"<p>[vc_row][vc_column][vc_column_text] Avec plusieurs ann\u00e9es, l&#8217;entreprise SETELCI s&#8217;est distingu\u00e9e \u00e0 travers plusieurs troph\u00e9es. &nbsp;[\/vc_column_text][vc_column_text] Grand Prix Panafricain des Leaders (PADEL),Maroc 2022 Prix Ivoirien de la Qualit\u00e9, Abidjan 2021 Prix de l\u2019innovation Technologique et de T\u00e9l\u00e9communications, Awards des Entreprises, Abidjan 2021 Prix de la Meilleure PME Champions &amp; SME Africa Awards Forum \/ African Guarantee Fund, Abidjan 2017 Prix QC100 &#8211; BID AWARDS, Paris 2016 Certificate of Award (MTN Wireless Project in C\u00f4te d\u2019ivoire 2024) [\/vc_column_text][\/vc_column][\/vc_row]<\/p>\n","protected":false},"author":1,"featured_media":0,"parent":0,"menu_order":0,"comment_status":"closed","ping_status":"closed","template":"","meta":{"footnotes":""},"class_list":["post-4802","page","type-page","status-publish","hentry","without-image"],"_links":{"self":[{"href":"https:\/\/setelci.com\/setelcigroupe\/wp-json\/wp\/v2\/pages\/4802","targetHints":{"allow":["GET"]}}],"collection":[{"href":"https:\/\/setelci.com\/setelcigroupe\/wp-json\/wp\/v2\/pages"}],"about":[{"href":"https:\/\/setelci.com\/setelcigroupe\/wp-json\/wp\/v2\/types\/page"}],"author":[{"embeddable":true,"href":"https:\/\/setelci.com\/setelcigroupe\/wp-json\/wp\/v2\/users\/1"}],"replies":[{"embeddable":true,"href":"https:\/\/setelci.com\/setelcigroupe\/wp-json\/wp\/v2\/comments?post=4802"}],"version-history":[{"count":9,"href":"https:\/\/setelci.com\/setelcigroupe\/wp-json\/wp\/v2\/pages\/4802\/revisions"}],"predecessor-version":[{"id":4960,"href":"https:\/\/setelci.com\/setelcigroupe\/wp-json\/wp\/v2\/pages\/4802\/revisions\/4960"}],"wp:attachment":[{"href":"https:\/\/setelci.com\/setelcigroupe\/wp-json\/wp\/v2\/media?parent=4802"}],"curies":[{"name":"wp","href":"https:\/\/api.w.org\/{rel}","templated":true}]}}