{"id":820,"date":"2020-04-09T05:18:43","date_gmt":"2020-04-09T05:18:43","guid":{"rendered":"https:\/\/themecrafter.com\/kyber\/?page_id=820"},"modified":"2023-07-28T14:06:42","modified_gmt":"2023-07-28T12:06:42","slug":"our-team","status":"publish","type":"page","link":"https:\/\/setelci.com\/setelcigroupe\/our-team\/","title":{"rendered":"Our Team"},"content":{"rendered":"<section class=\"wpb-content-wrapper\"><p>[vc_row][vc_column][vc_column_text]<\/p>\n<h1>L&#8217;ORGANIGRAMME<\/h1>\n<p>[\/vc_column_text][vc_column_text]La haute direction de SETELCI est compos\u00e9e des entit\u00e9s suivantes:<\/p>\n<p><strong>une Direction G\u00e9n\u00e9rale, un Secr\u00e9tariat G\u00e9n\u00e9ral, les Directeurs, les Conseillers Techniques.<\/strong><\/p>\n<p>En terme d&#8217;organisation, SETELCI est subdivis\u00e9 en p\u00f4les, d\u00e9partements et services. Une mission bien d\u00e9termin\u00e9e est assign\u00e9e \u00e0 chacune de ces entit\u00e9s qui poss\u00e8dent les comp\u00e9tences requises pour r\u00e9aliser les objectifs de SETELCI.[\/vc_column_text][vc_single_image image=&#8221;2512&#8243; img_size=&#8221;full&#8221; alignment=&#8221;center&#8221;][\/vc_column][\/vc_row]<\/p>\n<\/section>","protected":false},"excerpt":{"rendered":"<p>[vc_row][vc_column][vc_column_text] L&#8217;ORGANIGRAMME [\/vc_column_text][vc_column_text]La haute direction de SETELCI est compos\u00e9e des entit\u00e9s suivantes: une Direction G\u00e9n\u00e9rale, un Secr\u00e9tariat G\u00e9n\u00e9ral, les Directeurs, les Conseillers Techniques. En terme d&#8217;organisation, SETELCI est subdivis\u00e9 en p\u00f4les, d\u00e9partements et services. Une mission bien d\u00e9termin\u00e9e est assign\u00e9e \u00e0 chacune de ces entit\u00e9s qui poss\u00e8dent les comp\u00e9tences requises pour r\u00e9aliser les objectifs de SETELCI.[\/vc_column_text][vc_single_image image=&#8221;2512&#8243; img_size=&#8221;full&#8221; alignment=&#8221;center&#8221;][\/vc_column][\/vc_row]<\/p>\n","protected":false},"author":1,"featured_media":0,"parent":0,"menu_order":0,"comment_status":"closed","ping_status":"closed","template":"templates\/full-width.php","meta":{"footnotes":""},"class_list":["post-820","page","type-page","status-publish","hentry","without-image"],"_links":{"self":[{"href":"https:\/\/setelci.com\/setelcigroupe\/wp-json\/wp\/v2\/pages\/820","targetHints":{"allow":["GET"]}}],"collection":[{"href":"https:\/\/setelci.com\/setelcigroupe\/wp-json\/wp\/v2\/pages"}],"about":[{"href":"https:\/\/setelci.com\/setelcigroupe\/wp-json\/wp\/v2\/types\/page"}],"author":[{"embeddable":true,"href":"https:\/\/setelci.com\/setelcigroupe\/wp-json\/wp\/v2\/users\/1"}],"replies":[{"embeddable":true,"href":"https:\/\/setelci.com\/setelcigroupe\/wp-json\/wp\/v2\/comments?post=820"}],"version-history":[{"count":6,"href":"https:\/\/setelci.com\/setelcigroupe\/wp-json\/wp\/v2\/pages\/820\/revisions"}],"predecessor-version":[{"id":3956,"href":"https:\/\/setelci.com\/setelcigroupe\/wp-json\/wp\/v2\/pages\/820\/revisions\/3956"}],"wp:attachment":[{"href":"https:\/\/setelci.com\/setelcigroupe\/wp-json\/wp\/v2\/media?parent=820"}],"curies":[{"name":"wp","href":"https:\/\/api.w.org\/{rel}","templated":true}]}}